{"id":1492,"date":"2025-12-18T10:08:58","date_gmt":"2025-12-18T10:08:58","guid":{"rendered":"https:\/\/rodeo-slot.org\/accesso-e-registrazione\/"},"modified":"2025-12-18T13:42:28","modified_gmt":"2025-12-18T13:42:28","slug":"inicio-de-sesion-y-registro","status":"publish","type":"page","link":"https:\/\/rodeo-slot.org\/es\/inicio-de-sesion-y-registro\/","title":{"rendered":"Inicio de sesi\u00f3n y Registro"},"content":{"rendered":"<h1>Inicio de sesi\u00f3n en Rodeoslot<\/h1>\n<p>Rodeoslot Login te permite acceder a tu cuenta de forma r\u00e1pida y segura. Cuando inicias sesi\u00f3n, puedes ver tu historial de juego, comprobar tu saldo y usar todas las funciones de nuestro casino. Puedes seguir jugando a tragamonedas populares como Big Bass Bonanza o probar nuevas mesas con crupieres en vivo.<\/p>\n<p><div class=\"banner-wrap\" aria-label=\"Banner\"><img src=\"https:\/\/rodeo-slot.org\/wp-content\/uploads\/2025\/12\/Banner-Desktop.webp\" class=\"w-100 d-none d-lg-block img-pc main-banner-img\" alt=\"RodeoSlot Banner Desktop\" fetchpriority=\"high\" decoding=\"async\"><img src=\"https:\/\/rodeo-slot.org\/wp-content\/uploads\/2025\/12\/Banner-mobile.webp\" class=\"w-100 d-none d-md-block d-lg-none main-banner-img\" alt=\"RodeoSlot Banner Mobile\" fetchpriority=\"high\" decoding=\"async\"><img src=\"https:\/\/rodeo-slot.org\/wp-content\/uploads\/2025\/12\/Banner-mobile.webp\" class=\"w-100 d-md-none\" alt=\"RodeoSlot Banner Mobile\" fetchpriority=\"high\" decoding=\"async\"><div class=\"banner-description\">\n<div class=\"banner-title\">Bonos de bienvenida<\/div>\n<p class=\"banner-header-title\">\u20ac1500<\/p>\n<div class=\"banner-header-AdditionalText\">+ 250 Tiradas gratis<\/div>\n<button data-item=\"homepage_banner_link\" class=\"goto m-button m-gradient-border m-button--primary m-button--large banner-button btn-orange\">\n            <div class=\"m-button-content\">\n                <span>Reg\u00edstrate ahora<\/span>\n                <span><\/span>\n            <\/div>\n        <\/button>\n<\/div>\n<div class=\"WelcomePack\">\n<p><img loading=\"lazy\" decoding=\"async\" class=\"alignnone size-full wp-image-1450\" src=\"https:\/\/rodeo-slot.org\/wp-content\/uploads\/2025\/12\/welcome-crown.svg\" alt=\"crown\" width=\"25\" height=\"26\" \/><\/p>\n<div class=\"WelcomePack-Info\">Reembolso semanal de hasta el 25 %<\/div>\n<p><img loading=\"lazy\" decoding=\"async\" class=\"alignnone size-full wp-image-1450\" src=\"https:\/\/rodeo-slot.org\/wp-content\/uploads\/2025\/12\/welcome-crown.svg\" alt=\"crown\" width=\"25\" height=\"26\" \/><\/p>\n<\/div>\n<\/div><div class=\"scrollable-content-wrap my-5\"><div class=\"scrollable-content-inner\"><h2>Registro en Rodeoslot<\/h2>\n<p>Crear una cuenta en Rodeo Slot te da acceso a todas las funciones de nuestra plataforma. Despu\u00e9s del registro, puedes personalizar tu perfil y verificar tu cuenta. Solo los usuarios registrados pueden ver su historial completo de juego, recibir y gestionar bonos y participar en eventos de la plataforma, como torneos y promociones programadas.<\/p>\n<p>La siguiente tabla muestra los principales beneficios de tener una cuenta en Rodeoslot:<\/p>\n<table>\n<tbody>\n<tr>\n<td>Funci\u00f3n<\/td>\n<td>Detalles<\/td>\n<\/tr>\n<tr>\n<td>Acceso a toda la biblioteca de juegos<\/td>\n<td>Una vez registrado, puedes jugar a m\u00e1s de 6.000 juegos, incluyendo tragamonedas, casino con crupier en vivo, juegos instant\u00e1neos y juegos de mesa.<\/td>\n<\/tr>\n<tr>\n<td>Herramientas de gesti\u00f3n de cuenta<\/td>\n<td>Puedes editar tu informaci\u00f3n personal y gestionar tu monedero: recargar saldo, elegir m\u00e9todos de pago y retirada convenientes.<\/td>\n<\/tr>\n<tr>\n<td>Participaci\u00f3n en promociones<\/td>\n<td>El registro te da acceso a bonos de bienvenida, cashback semanal, bonos de recarga regulares y torneos.<\/td>\n<\/tr>\n<tr>\n<td>Acceso al Club VIP<\/td>\n<td>Los jugadores registrados pueden unirse al programa VIP y recibir privilegios exclusivos para high rollers.<\/td>\n<\/tr>\n<tr>\n<td>Acceso al soporte<\/td>\n<td>El chat en vivo y el soporte por correo electr\u00f3nico est\u00e1n disponibles las 24 horas para usuarios registrados.<\/td>\n<\/tr>\n<tr>\n<td>Configuraci\u00f3n personal<\/td>\n<td>Los jugadores pueden ajustar preferencias de privacidad, reglas de notificaciones y l\u00edmites de juego responsable.<\/td>\n<\/tr>\n<\/tbody>\n<\/table>\n<h3>C\u00f3mo configurar tu cuenta<\/h3>\n<p>Registrarte solo toma unos minutos y consta de pasos simples:<\/p>\n<ol>\n<li>Haz clic en el bot\u00f3n \u00abRegistrarse\u00bb para abrir el formulario.<\/li>\n<li>Introduce tu direcci\u00f3n de correo electr\u00f3nico y crea una contrase\u00f1a segura y f\u00e1cil de recordar.<\/li>\n<li>Marca la casilla que confirma tu acuerdo con los T\u00e9rminos de Uso.<\/li>\n<li>Tras completar el primer formulario, se te pedir\u00e1 proporcionar algunos datos personales: tu nombre completo, fecha de nacimiento y n\u00famero de tel\u00e9fono.<\/li>\n<li>Haz clic en \u00abGuardar\u00bb para completar tu registro.<\/li>\n<\/ol>\n<p>Despu\u00e9s de esto, tu cuenta estar\u00e1 activa y lista para usarse.<\/p>\n<h2>Rodeoslot Login y Gesti\u00f3n de Cuenta<\/h2>\n<p>El formulario de inicio de sesi\u00f3n de Rodeoslot utiliza tu correo electr\u00f3nico registrado y tu contrase\u00f1a. Introduce estos datos en el campo de acceso para entrar en tu cuenta. Desde aqu\u00ed, puedes gestionar las secciones principales de tu cuenta desde un solo lugar.<\/p>\n<ul>\n<li>Elige m\u00e9todos de pago adecuados y revisa tu historial de dep\u00f3sitos y retiradas.<\/li>\n<li>Usa bonos activos y participa en promociones.<\/li>\n<li>Actualiza tu informaci\u00f3n personal y la configuraci\u00f3n de tu cuenta.<\/li>\n<li>Configura herramientas de juego responsable, como l\u00edmites y gesti\u00f3n de sesiones.<\/li>\n<li>Contacta con soporte por chat en vivo o correo electr\u00f3nico.<\/li>\n<\/ul>\n<p>Los jugadores que prefieren el acceso m\u00f3vil pueden usar nuestra aplicaci\u00f3n basada en PWA. Esta refleja la interfaz del sitio oficial y se sincroniza con tu cuenta. As\u00ed, tu historial de juego, bonos y pagos se mantienen consistentes en todos tus dispositivos.<\/p>\n<h3>\u00bfOlvidaste tu contrase\u00f1a?<\/h3>\n<p>Si no puedes iniciar sesi\u00f3n porque olvidaste tu contrase\u00f1a, selecciona \u00ab\u00bfOlvidaste tu contrase\u00f1a?\u00bb en la p\u00e1gina de acceso. Introduce tu direcci\u00f3n de correo electr\u00f3nico para recibir un mensaje con el enlace para restablecer tu contrase\u00f1a. Sigue el enlace, crea una nueva contrase\u00f1a y conf\u00edrmala. Para mayor seguridad, recomendamos usar contrase\u00f1as \u00fanicas para cada servicio. Si no recibes el correo inmediatamente, revisa tu carpeta de spam.<\/p>\n<h2>Verificaci\u00f3n en Rodeoslot Casino<\/h2>\n<p>En Rodeo Slot Casino usamos el proceso de verificaci\u00f3n KYC (Conozca a su Cliente) para confirmar la titularidad de la cuenta. Puedes empezar a jugar despu\u00e9s del registro, pero algunas acciones, como las retiradas, pueden requerir verificaci\u00f3n adicional.<\/p>\n<p>Para completar la verificaci\u00f3n, env\u00eda tu pasaporte o documento de identidad y una factura de servicios o extracto bancario. La verificaci\u00f3n tarda solo un d\u00eda, as\u00ed que podr\u00e1s comenzar a disfrutar plenamente de nuestro casino en l\u00ednea r\u00e1pidamente.<\/p>\n<h2>FAQ<\/h2>\n<h3>\u00bfC\u00f3mo accedo a mi cuenta desde un dispositivo nuevo?<\/h3>\n<p>Usa el formulario est\u00e1ndar de inicio de sesi\u00f3n y, si est\u00e1 activado, confirma el acceso mediante la verificaci\u00f3n de seguridad habitual. El sistema puede solicitar comprobaciones adicionales si detecta actividad inusual.<\/p>\n<h3>\u00bfQu\u00e9 debo hacer si no he recibido el correo de restablecimiento de contrase\u00f1a?<\/h3>\n<p>Aseg\u00farate de haber introducido la direcci\u00f3n de correo correcta. Tambi\u00e9n revisa la carpeta de spam, ya que el correo puede haber sido filtrado autom\u00e1ticamente. Solicita un nuevo correo de restablecimiento y, si a\u00fan no lo recibes, contacta con nuestro equipo de soporte.<\/p>\n<h3>\u00bfPor qu\u00e9 debo completar la verificaci\u00f3n para retirar fondos?<\/h3>\n<p>La verificaci\u00f3n confirma que la cuenta te pertenece. As\u00ed podemos asegurarnos de que seas t\u00fa, y no estafadores, quien reciba tus ganancias.<\/p>\n<h3>\u00bfPuedo permanecer conectado en varios dispositivos?<\/h3>\n<p>Se permiten m\u00faltiples sesiones en Rodeo Slot, pero el sistema puede requerir autenticaci\u00f3n adicional si detecta un comportamiento inusual de la cuenta. Cierra sesi\u00f3n en los dispositivos que no uses para proteger tus datos.<\/p>\n<\/div><\/div><\/p>\n","protected":false},"excerpt":{"rendered":"<p>Inicio de sesi\u00f3n en Rodeoslot Rodeoslot Login te permite acceder a tu cuenta de forma r\u00e1pida y segura. Cuando inicias sesi\u00f3n, puedes ver tu historial de juego, comprobar tu saldo y usar todas las funciones de nuestro casino. Puedes seguir jugando a tragamonedas populares como Big Bass Bonanza o probar nuevas mesas con crupieres en [&hellip;]<\/p>\n","protected":false},"author":1,"featured_media":0,"parent":0,"menu_order":0,"comment_status":"closed","ping_status":"closed","template":"template-builder.php","meta":{"_acf_changed":false,"inline_featured_image":false,"footnotes":""},"class_list":["post-1492","page","type-page","status-publish","hentry"],"acf":[],"yoast_head":"<!-- This site is optimized with the Yoast SEO plugin v27.3 - https:\/\/yoast.com\/product\/yoast-seo-wordpress\/ -->\n<title>Rodeoslot Login | Reg\u00edstrate y gestiona tu cuenta<\/title>\n<meta name=\"description\" content=\"Crea un Rodeoslot Login, crea una cuenta y juega a los mejores juegos de casino | Gestiona dep\u00f3sitos, retira ganancias y usa bonos | Registro r\u00e1pido para nuevos usuarios y seguridad de datos personales\" \/>\n<meta name=\"robots\" content=\"index, follow, max-snippet:-1, max-image-preview:large, max-video-preview:-1\" \/>\n<link rel=\"canonical\" href=\"https:\/\/rodeo-slot.org\/es\/inicio-de-sesion-y-registro\/\" \/>\n<meta property=\"og:locale\" content=\"es_ES\" \/>\n<meta property=\"og:type\" content=\"article\" \/>\n<meta property=\"og:title\" content=\"Rodeoslot Login | Reg\u00edstrate y gestiona tu cuenta\" \/>\n<meta property=\"og:description\" content=\"Crea un Rodeoslot Login, crea una cuenta y juega a los mejores juegos de casino | Gestiona dep\u00f3sitos, retira ganancias y usa bonos | Registro r\u00e1pido para nuevos usuarios y seguridad de datos personales\" \/>\n<meta property=\"og:url\" content=\"https:\/\/rodeo-slot.org\/es\/inicio-de-sesion-y-registro\/\" \/>\n<meta property=\"og:site_name\" content=\"rodeoslot\" \/>\n<meta property=\"article:modified_time\" content=\"2025-12-18T13:42:28+00:00\" \/>\n<meta name=\"twitter:card\" content=\"summary_large_image\" \/>\n<meta name=\"twitter:label1\" content=\"Est. reading time\" \/>\n\t<meta name=\"twitter:data1\" content=\"1 minute\" \/>\n<script type=\"application\/ld+json\" class=\"yoast-schema-graph\">{\"@context\":\"https:\\\/\\\/schema.org\",\"@graph\":[{\"@type\":\"WebPage\",\"@id\":\"https:\\\/\\\/rodeo-slot.org\\\/es\\\/inicio-de-sesion-y-registro\\\/\",\"url\":\"https:\\\/\\\/rodeo-slot.org\\\/es\\\/inicio-de-sesion-y-registro\\\/\",\"name\":\"Rodeoslot Login | Reg\u00edstrate y gestiona tu cuenta\",\"isPartOf\":{\"@id\":\"https:\\\/\\\/rodeo-slot.org\\\/es\\\/#website\"},\"datePublished\":\"2025-12-18T10:08:58+00:00\",\"dateModified\":\"2025-12-18T13:42:28+00:00\",\"description\":\"Crea un Rodeoslot Login, crea una cuenta y juega a los mejores juegos de casino | Gestiona dep\u00f3sitos, retira ganancias y usa bonos | Registro r\u00e1pido para nuevos usuarios y seguridad de datos personales\",\"breadcrumb\":{\"@id\":\"https:\\\/\\\/rodeo-slot.org\\\/es\\\/inicio-de-sesion-y-registro\\\/#breadcrumb\"},\"inLanguage\":\"es-ES\",\"potentialAction\":[{\"@type\":\"ReadAction\",\"target\":[\"https:\\\/\\\/rodeo-slot.org\\\/es\\\/inicio-de-sesion-y-registro\\\/\"]}]},{\"@type\":\"BreadcrumbList\",\"@id\":\"https:\\\/\\\/rodeo-slot.org\\\/es\\\/inicio-de-sesion-y-registro\\\/#breadcrumb\",\"itemListElement\":[{\"@type\":\"ListItem\",\"position\":1,\"name\":\"Rodeoslot\",\"item\":\"https:\\\/\\\/rodeo-slot.org\\\/es\\\/\"},{\"@type\":\"ListItem\",\"position\":2,\"name\":\"Inicio de sesi\u00f3n y Registro\"}]},{\"@type\":\"WebSite\",\"@id\":\"https:\\\/\\\/rodeo-slot.org\\\/es\\\/#website\",\"url\":\"https:\\\/\\\/rodeo-slot.org\\\/es\\\/\",\"name\":\"Rodeoslot\",\"description\":\"\",\"publisher\":{\"@id\":\"https:\\\/\\\/rodeo-slot.org\\\/es\\\/#organization\"},\"potentialAction\":[{\"@type\":\"SearchAction\",\"target\":{\"@type\":\"EntryPoint\",\"urlTemplate\":\"https:\\\/\\\/rodeo-slot.org\\\/es\\\/?s={search_term_string}\"},\"query-input\":{\"@type\":\"PropertyValueSpecification\",\"valueRequired\":true,\"valueName\":\"search_term_string\"}}],\"inLanguage\":\"es-ES\"},{\"@type\":\"Organization\",\"@id\":\"https:\\\/\\\/rodeo-slot.org\\\/es\\\/#organization\",\"name\":\"Rodeoslot\",\"url\":\"https:\\\/\\\/rodeo-slot.org\\\/es\\\/\",\"logo\":{\"@type\":\"ImageObject\",\"inLanguage\":\"es-ES\",\"@id\":\"https:\\\/\\\/rodeo-slot.org\\\/es\\\/#\\\/schema\\\/logo\\\/image\\\/\",\"url\":\"https:\\\/\\\/rodeo-slot.org\\\/wp-content\\\/uploads\\\/2025\\\/08\\\/80u1FaquEZeR6OUTeJCc.png\",\"contentUrl\":\"https:\\\/\\\/rodeo-slot.org\\\/wp-content\\\/uploads\\\/2025\\\/08\\\/80u1FaquEZeR6OUTeJCc.png\",\"width\":154,\"height\":28,\"caption\":\"Rodeoslot\"},\"image\":{\"@id\":\"https:\\\/\\\/rodeo-slot.org\\\/es\\\/#\\\/schema\\\/logo\\\/image\\\/\"}}]}<\/script>\n<!-- \/ Yoast SEO plugin. -->","yoast_head_json":{"title":"Rodeoslot Login | Reg\u00edstrate y gestiona tu cuenta","description":"Crea un Rodeoslot Login, crea una cuenta y juega a los mejores juegos de casino | Gestiona dep\u00f3sitos, retira ganancias y usa bonos | Registro r\u00e1pido para nuevos usuarios y seguridad de datos personales","robots":{"index":"index","follow":"follow","max-snippet":"max-snippet:-1","max-image-preview":"max-image-preview:large","max-video-preview":"max-video-preview:-1"},"canonical":"https:\/\/rodeo-slot.org\/es\/inicio-de-sesion-y-registro\/","og_locale":"es_ES","og_type":"article","og_title":"Rodeoslot Login | Reg\u00edstrate y gestiona tu cuenta","og_description":"Crea un Rodeoslot Login, crea una cuenta y juega a los mejores juegos de casino | Gestiona dep\u00f3sitos, retira ganancias y usa bonos | Registro r\u00e1pido para nuevos usuarios y seguridad de datos personales","og_url":"https:\/\/rodeo-slot.org\/es\/inicio-de-sesion-y-registro\/","og_site_name":"rodeoslot","article_modified_time":"2025-12-18T13:42:28+00:00","twitter_card":"summary_large_image","twitter_misc":{"Est. reading time":"1 minute"},"schema":{"@context":"https:\/\/schema.org","@graph":[{"@type":"WebPage","@id":"https:\/\/rodeo-slot.org\/es\/inicio-de-sesion-y-registro\/","url":"https:\/\/rodeo-slot.org\/es\/inicio-de-sesion-y-registro\/","name":"Rodeoslot Login | Reg\u00edstrate y gestiona tu cuenta","isPartOf":{"@id":"https:\/\/rodeo-slot.org\/es\/#website"},"datePublished":"2025-12-18T10:08:58+00:00","dateModified":"2025-12-18T13:42:28+00:00","description":"Crea un Rodeoslot Login, crea una cuenta y juega a los mejores juegos de casino | Gestiona dep\u00f3sitos, retira ganancias y usa bonos | Registro r\u00e1pido para nuevos usuarios y seguridad de datos personales","breadcrumb":{"@id":"https:\/\/rodeo-slot.org\/es\/inicio-de-sesion-y-registro\/#breadcrumb"},"inLanguage":"es-ES","potentialAction":[{"@type":"ReadAction","target":["https:\/\/rodeo-slot.org\/es\/inicio-de-sesion-y-registro\/"]}]},{"@type":"BreadcrumbList","@id":"https:\/\/rodeo-slot.org\/es\/inicio-de-sesion-y-registro\/#breadcrumb","itemListElement":[{"@type":"ListItem","position":1,"name":"Rodeoslot","item":"https:\/\/rodeo-slot.org\/es\/"},{"@type":"ListItem","position":2,"name":"Inicio de sesi\u00f3n y Registro"}]},{"@type":"WebSite","@id":"https:\/\/rodeo-slot.org\/es\/#website","url":"https:\/\/rodeo-slot.org\/es\/","name":"Rodeoslot","description":"","publisher":{"@id":"https:\/\/rodeo-slot.org\/es\/#organization"},"potentialAction":[{"@type":"SearchAction","target":{"@type":"EntryPoint","urlTemplate":"https:\/\/rodeo-slot.org\/es\/?s={search_term_string}"},"query-input":{"@type":"PropertyValueSpecification","valueRequired":true,"valueName":"search_term_string"}}],"inLanguage":"es-ES"},{"@type":"Organization","@id":"https:\/\/rodeo-slot.org\/es\/#organization","name":"Rodeoslot","url":"https:\/\/rodeo-slot.org\/es\/","logo":{"@type":"ImageObject","inLanguage":"es-ES","@id":"https:\/\/rodeo-slot.org\/es\/#\/schema\/logo\/image\/","url":"https:\/\/rodeo-slot.org\/wp-content\/uploads\/2025\/08\/80u1FaquEZeR6OUTeJCc.png","contentUrl":"https:\/\/rodeo-slot.org\/wp-content\/uploads\/2025\/08\/80u1FaquEZeR6OUTeJCc.png","width":154,"height":28,"caption":"Rodeoslot"},"image":{"@id":"https:\/\/rodeo-slot.org\/es\/#\/schema\/logo\/image\/"}}]}},"_links":{"self":[{"href":"https:\/\/rodeo-slot.org\/es\/wp-json\/wp\/v2\/pages\/1492","targetHints":{"allow":["GET"]}}],"collection":[{"href":"https:\/\/rodeo-slot.org\/es\/wp-json\/wp\/v2\/pages"}],"about":[{"href":"https:\/\/rodeo-slot.org\/es\/wp-json\/wp\/v2\/types\/page"}],"author":[{"embeddable":true,"href":"https:\/\/rodeo-slot.org\/es\/wp-json\/wp\/v2\/users\/1"}],"replies":[{"embeddable":true,"href":"https:\/\/rodeo-slot.org\/es\/wp-json\/wp\/v2\/comments?post=1492"}],"version-history":[{"count":1,"href":"https:\/\/rodeo-slot.org\/es\/wp-json\/wp\/v2\/pages\/1492\/revisions"}],"predecessor-version":[{"id":2040,"href":"https:\/\/rodeo-slot.org\/es\/wp-json\/wp\/v2\/pages\/1492\/revisions\/2040"}],"wp:attachment":[{"href":"https:\/\/rodeo-slot.org\/es\/wp-json\/wp\/v2\/media?parent=1492"}],"curies":[{"name":"wp","href":"https:\/\/api.w.org\/{rel}","templated":true}]}}